{"id":936,"date":"2025-10-26T11:27:43","date_gmt":"2025-10-26T11:27:43","guid":{"rendered":"https:\/\/the85store.com\/?post_type=product&#038;p=936"},"modified":"2025-10-26T12:15:05","modified_gmt":"2025-10-26T12:15:05","slug":"long-skirt","status":"publish","type":"product","link":"https:\/\/the85store.com\/vi\/san-pham\/long-skirt\/","title":{"rendered":"V\u00e1y d\u00e0i"},"content":{"rendered":"<p>V\u00e1y d\u00e0i<\/p>\n<p><img loading=\"lazy\" decoding=\"async\" class=\"size-medium wp-image-968 alignleft\" src=\"https:\/\/the85store.com\/wp-content\/uploads\/2025\/10\/IMG_20251026_095243-Medium-225x300.jpg\" alt=\"\" width=\"225\" height=\"300\" srcset=\"https:\/\/the85store.com\/wp-content\/uploads\/2025\/10\/IMG_20251026_095243-Medium-225x300.jpg 225w, https:\/\/the85store.com\/wp-content\/uploads\/2025\/10\/IMG_20251026_095243-Medium-9x12.jpg 9w, https:\/\/the85store.com\/wp-content\/uploads\/2025\/10\/IMG_20251026_095243-Medium-416x555.jpg 416w, https:\/\/the85store.com\/wp-content\/uploads\/2025\/10\/IMG_20251026_095243-Medium.jpg 768w\" sizes=\"auto, (max-width: 225px) 100vw, 225px\" \/><img loading=\"lazy\" decoding=\"async\" class=\"size-medium wp-image-967 alignleft\" src=\"https:\/\/the85store.com\/wp-content\/uploads\/2025\/10\/IMG_20251026_094642-Medium-240x300.jpg\" alt=\"\" width=\"240\" height=\"300\" srcset=\"https:\/\/the85store.com\/wp-content\/uploads\/2025\/10\/IMG_20251026_094642-Medium-240x300.jpg 240w, https:\/\/the85store.com\/wp-content\/uploads\/2025\/10\/IMG_20251026_094642-Medium-10x12.jpg 10w, https:\/\/the85store.com\/wp-content\/uploads\/2025\/10\/IMG_20251026_094642-Medium-416x520.jpg 416w, https:\/\/the85store.com\/wp-content\/uploads\/2025\/10\/IMG_20251026_094642-Medium.jpg 768w\" sizes=\"auto, (max-width: 240px) 100vw, 240px\" \/><img loading=\"lazy\" decoding=\"async\" class=\"size-medium wp-image-843 alignleft\" src=\"https:\/\/the85store.com\/wp-content\/uploads\/2025\/10\/IMG_20251026_083819-Medium-240x300.jpg\" alt=\"\" width=\"240\" height=\"300\" srcset=\"https:\/\/the85store.com\/wp-content\/uploads\/2025\/10\/IMG_20251026_083819-Medium-240x300.jpg 240w, https:\/\/the85store.com\/wp-content\/uploads\/2025\/10\/IMG_20251026_083819-Medium-10x12.jpg 10w, https:\/\/the85store.com\/wp-content\/uploads\/2025\/10\/IMG_20251026_083819-Medium-416x520.jpg 416w, https:\/\/the85store.com\/wp-content\/uploads\/2025\/10\/IMG_20251026_083819-Medium.jpg 768w\" sizes=\"auto, (max-width: 240px) 100vw, 240px\" \/> <img loading=\"lazy\" decoding=\"async\" class=\"size-medium wp-image-844 alignleft\" src=\"https:\/\/the85store.com\/wp-content\/uploads\/2025\/10\/IMG_20251026_083842-Medium-240x300.jpg\" alt=\"\" width=\"240\" height=\"300\" srcset=\"https:\/\/the85store.com\/wp-content\/uploads\/2025\/10\/IMG_20251026_083842-Medium-240x300.jpg 240w, https:\/\/the85store.com\/wp-content\/uploads\/2025\/10\/IMG_20251026_083842-Medium-10x12.jpg 10w, https:\/\/the85store.com\/wp-content\/uploads\/2025\/10\/IMG_20251026_083842-Medium-416x520.jpg 416w, https:\/\/the85store.com\/wp-content\/uploads\/2025\/10\/IMG_20251026_083842-Medium.jpg 768w\" sizes=\"auto, (max-width: 240px) 100vw, 240px\" \/> <img loading=\"lazy\" decoding=\"async\" class=\"size-medium wp-image-934 alignleft\" src=\"https:\/\/the85store.com\/wp-content\/uploads\/2025\/10\/IMG_20251026_095302-Medium-225x300.jpg\" alt=\"\" width=\"225\" height=\"300\" srcset=\"https:\/\/the85store.com\/wp-content\/uploads\/2025\/10\/IMG_20251026_095302-Medium-225x300.jpg 225w, https:\/\/the85store.com\/wp-content\/uploads\/2025\/10\/IMG_20251026_095302-Medium-9x12.jpg 9w, https:\/\/the85store.com\/wp-content\/uploads\/2025\/10\/IMG_20251026_095302-Medium-416x555.jpg 416w, https:\/\/the85store.com\/wp-content\/uploads\/2025\/10\/IMG_20251026_095302-Medium.jpg 768w\" sizes=\"auto, (max-width: 225px) 100vw, 225px\" \/><\/p>","protected":false},"excerpt":{"rendered":"<p>V\u00e1y d\u00e0i<\/p>","protected":false},"featured_media":969,"comment_status":"open","ping_status":"closed","template":"","meta":[],"product_brand":[],"product_cat":[46,36],"product_tag":[],"class_list":{"0":"post-936","1":"product","2":"type-product","3":"status-publish","4":"has-post-thumbnail","6":"product_cat-dresses","7":"product_cat-womens","8":"pa_colour-beige","9":"pa_colour-black","10":"pa_colour-blue","11":"pa_colour-green","12":"pa_colour-pink","13":"pa_colour-white","15":"first","16":"instock","17":"sale","18":"shipping-taxable","19":"purchasable","20":"product-type-variable"},"jetpack_sharing_enabled":true,"_links":{"self":[{"href":"https:\/\/the85store.com\/vi\/wp-json\/wp\/v2\/product\/936","targetHints":{"allow":["GET"]}}],"collection":[{"href":"https:\/\/the85store.com\/vi\/wp-json\/wp\/v2\/product"}],"about":[{"href":"https:\/\/the85store.com\/vi\/wp-json\/wp\/v2\/types\/product"}],"replies":[{"embeddable":true,"href":"https:\/\/the85store.com\/vi\/wp-json\/wp\/v2\/comments?post=936"}],"wp:featuredmedia":[{"embeddable":true,"href":"https:\/\/the85store.com\/vi\/wp-json\/wp\/v2\/media\/969"}],"wp:attachment":[{"href":"https:\/\/the85store.com\/vi\/wp-json\/wp\/v2\/media?parent=936"}],"wp:term":[{"taxonomy":"product_brand","embeddable":true,"href":"https:\/\/the85store.com\/vi\/wp-json\/wp\/v2\/product_brand?post=936"},{"taxonomy":"product_cat","embeddable":true,"href":"https:\/\/the85store.com\/vi\/wp-json\/wp\/v2\/product_cat?post=936"},{"taxonomy":"product_tag","embeddable":true,"href":"https:\/\/the85store.com\/vi\/wp-json\/wp\/v2\/product_tag?post=936"}],"curies":[{"name":"wp","href":"https:\/\/api.w.org\/{rel}","templated":true}]}}