{"id":885,"date":"2025-10-26T07:07:12","date_gmt":"2025-10-26T07:07:12","guid":{"rendered":"https:\/\/the85store.com\/?post_type=product&#038;p=885"},"modified":"2025-10-26T07:57:18","modified_gmt":"2025-10-26T07:57:18","slug":"navy-bib-top","status":"publish","type":"product","link":"https:\/\/the85store.com\/vi\/san-pham\/navy-bib-top\/","title":{"rendered":"\u00c1o y\u1ebfm xanh navy"},"content":{"rendered":"<p>\u00c1o v\u1ea3i lanh ki\u1ec3u y\u1ebfm d\u00e0nh cho n\u1eef.<\/p>\n<p><img loading=\"lazy\" decoding=\"async\" class=\"wp-image-904 alignleft\" src=\"https:\/\/the85store.com\/wp-content\/uploads\/2025\/10\/IMG_20251026_083819-Medium-1-240x300.jpg\" alt=\"\" width=\"237\" height=\"297\" srcset=\"https:\/\/the85store.com\/wp-content\/uploads\/2025\/10\/IMG_20251026_083819-Medium-1-240x300.jpg 240w, https:\/\/the85store.com\/wp-content\/uploads\/2025\/10\/IMG_20251026_083819-Medium-1-10x12.jpg 10w, https:\/\/the85store.com\/wp-content\/uploads\/2025\/10\/IMG_20251026_083819-Medium-1-416x520.jpg 416w, https:\/\/the85store.com\/wp-content\/uploads\/2025\/10\/IMG_20251026_083819-Medium-1.jpg 768w\" sizes=\"auto, (max-width: 237px) 100vw, 237px\" \/><img loading=\"lazy\" decoding=\"async\" class=\"size-medium wp-image-905 alignleft\" src=\"https:\/\/the85store.com\/wp-content\/uploads\/2025\/10\/IMG_20251026_083843-Medium-240x300.jpg\" alt=\"\" width=\"240\" height=\"300\" srcset=\"https:\/\/the85store.com\/wp-content\/uploads\/2025\/10\/IMG_20251026_083843-Medium-240x300.jpg 240w, https:\/\/the85store.com\/wp-content\/uploads\/2025\/10\/IMG_20251026_083843-Medium-10x12.jpg 10w, https:\/\/the85store.com\/wp-content\/uploads\/2025\/10\/IMG_20251026_083843-Medium-416x520.jpg 416w, https:\/\/the85store.com\/wp-content\/uploads\/2025\/10\/IMG_20251026_083843-Medium.jpg 768w\" sizes=\"auto, (max-width: 240px) 100vw, 240px\" \/> <img loading=\"lazy\" decoding=\"async\" class=\"size-medium wp-image-906 alignleft\" src=\"https:\/\/the85store.com\/wp-content\/uploads\/2025\/10\/IMG_20251026_083842-Medium-1-240x300.jpg\" alt=\"\" width=\"240\" height=\"300\" srcset=\"https:\/\/the85store.com\/wp-content\/uploads\/2025\/10\/IMG_20251026_083842-Medium-1-240x300.jpg 240w, https:\/\/the85store.com\/wp-content\/uploads\/2025\/10\/IMG_20251026_083842-Medium-1-10x12.jpg 10w, https:\/\/the85store.com\/wp-content\/uploads\/2025\/10\/IMG_20251026_083842-Medium-1-416x520.jpg 416w, https:\/\/the85store.com\/wp-content\/uploads\/2025\/10\/IMG_20251026_083842-Medium-1.jpg 768w\" sizes=\"auto, (max-width: 240px) 100vw, 240px\" \/><img loading=\"lazy\" decoding=\"async\" class=\"size-medium wp-image-908 alignleft\" src=\"https:\/\/the85store.com\/wp-content\/uploads\/2025\/10\/IMG_20251026_082424-Medium-300x240.jpg\" alt=\"\" width=\"300\" height=\"240\" srcset=\"https:\/\/the85store.com\/wp-content\/uploads\/2025\/10\/IMG_20251026_082424-Medium-300x240.jpg 300w, https:\/\/the85store.com\/wp-content\/uploads\/2025\/10\/IMG_20251026_082424-Medium-768x614.jpg 768w, https:\/\/the85store.com\/wp-content\/uploads\/2025\/10\/IMG_20251026_082424-Medium-15x12.jpg 15w, https:\/\/the85store.com\/wp-content\/uploads\/2025\/10\/IMG_20251026_082424-Medium-416x333.jpg 416w, https:\/\/the85store.com\/wp-content\/uploads\/2025\/10\/IMG_20251026_082424-Medium.jpg 960w\" sizes=\"auto, (max-width: 300px) 100vw, 300px\" \/><\/p>\n<p>&nbsp;<\/p>\n<p>&nbsp;<\/p>","protected":false},"excerpt":{"rendered":"<p>\u00c1o n\u1eef thanh l\u1ecbch, kh\u00f4ng tay, c\u00e0i n\u00fat sau.<\/p>","protected":false},"featured_media":907,"comment_status":"open","ping_status":"closed","template":"","meta":[],"product_brand":[],"product_cat":[37,36],"product_tag":[],"class_list":{"0":"post-885","1":"product","2":"type-product","3":"status-publish","4":"has-post-thumbnail","6":"product_cat-tops","7":"product_cat-womens","8":"pa_colour-beige","9":"pa_colour-black","10":"pa_colour-white","12":"first","13":"instock","14":"sale","15":"shipping-taxable","16":"purchasable","17":"product-type-variable"},"jetpack_sharing_enabled":true,"_links":{"self":[{"href":"https:\/\/the85store.com\/vi\/wp-json\/wp\/v2\/product\/885","targetHints":{"allow":["GET"]}}],"collection":[{"href":"https:\/\/the85store.com\/vi\/wp-json\/wp\/v2\/product"}],"about":[{"href":"https:\/\/the85store.com\/vi\/wp-json\/wp\/v2\/types\/product"}],"replies":[{"embeddable":true,"href":"https:\/\/the85store.com\/vi\/wp-json\/wp\/v2\/comments?post=885"}],"wp:featuredmedia":[{"embeddable":true,"href":"https:\/\/the85store.com\/vi\/wp-json\/wp\/v2\/media\/907"}],"wp:attachment":[{"href":"https:\/\/the85store.com\/vi\/wp-json\/wp\/v2\/media?parent=885"}],"wp:term":[{"taxonomy":"product_brand","embeddable":true,"href":"https:\/\/the85store.com\/vi\/wp-json\/wp\/v2\/product_brand?post=885"},{"taxonomy":"product_cat","embeddable":true,"href":"https:\/\/the85store.com\/vi\/wp-json\/wp\/v2\/product_cat?post=885"},{"taxonomy":"product_tag","embeddable":true,"href":"https:\/\/the85store.com\/vi\/wp-json\/wp\/v2\/product_tag?post=885"}],"curies":[{"name":"wp","href":"https:\/\/api.w.org\/{rel}","templated":true}]}}