{"id":847,"date":"2025-10-26T05:04:48","date_gmt":"2025-10-26T05:04:48","guid":{"rendered":"https:\/\/the85store.com\/?post_type=product&#038;p=847"},"modified":"2025-10-26T07:05:42","modified_gmt":"2025-10-26T07:05:42","slug":"off-the-shoulder-dress-with-ruffled-neck","status":"publish","type":"product","link":"https:\/\/the85store.com\/vi\/san-pham\/off-the-shoulder-dress-with-ruffled-neck\/","title":{"rendered":"V\u00e1y tr\u1ec5 vai c\u00f3 c\u1ed5 nh\u00fan b\u00e8o"},"content":{"rendered":"<p>V\u00e1y tr\u1ec5 vai c\u00f3 c\u1ed5 nh\u00fan b\u00e8o.<\/p>\n<p><img loading=\"lazy\" decoding=\"async\" class=\"alignnone size-medium wp-image-879\" src=\"https:\/\/the85store.com\/wp-content\/uploads\/2025\/10\/IMG_20251026_084738-Medium-1-240x300.jpg\" alt=\"\" width=\"240\" height=\"300\" srcset=\"https:\/\/the85store.com\/wp-content\/uploads\/2025\/10\/IMG_20251026_084738-Medium-1-240x300.jpg 240w, https:\/\/the85store.com\/wp-content\/uploads\/2025\/10\/IMG_20251026_084738-Medium-1-10x12.jpg 10w, https:\/\/the85store.com\/wp-content\/uploads\/2025\/10\/IMG_20251026_084738-Medium-1-416x520.jpg 416w, https:\/\/the85store.com\/wp-content\/uploads\/2025\/10\/IMG_20251026_084738-Medium-1.jpg 768w\" sizes=\"auto, (max-width: 240px) 100vw, 240px\" \/> <img loading=\"lazy\" decoding=\"async\" class=\"alignnone size-medium wp-image-883\" src=\"https:\/\/the85store.com\/wp-content\/uploads\/2025\/10\/IMG_20251026_084959-Medium-240x300.jpg\" alt=\"\" width=\"240\" height=\"300\" srcset=\"https:\/\/the85store.com\/wp-content\/uploads\/2025\/10\/IMG_20251026_084959-Medium-240x300.jpg 240w, https:\/\/the85store.com\/wp-content\/uploads\/2025\/10\/IMG_20251026_084959-Medium-10x12.jpg 10w, https:\/\/the85store.com\/wp-content\/uploads\/2025\/10\/IMG_20251026_084959-Medium-416x520.jpg 416w, https:\/\/the85store.com\/wp-content\/uploads\/2025\/10\/IMG_20251026_084959-Medium.jpg 768w\" sizes=\"auto, (max-width: 240px) 100vw, 240px\" \/><img loading=\"lazy\" decoding=\"async\" class=\"alignnone size-medium wp-image-881\" src=\"https:\/\/the85store.com\/wp-content\/uploads\/2025\/10\/IMG_20251026_084658-Medium-240x300.jpg\" alt=\"\" width=\"240\" height=\"300\" srcset=\"https:\/\/the85store.com\/wp-content\/uploads\/2025\/10\/IMG_20251026_084658-Medium-240x300.jpg 240w, https:\/\/the85store.com\/wp-content\/uploads\/2025\/10\/IMG_20251026_084658-Medium-10x12.jpg 10w, https:\/\/the85store.com\/wp-content\/uploads\/2025\/10\/IMG_20251026_084658-Medium-416x520.jpg 416w, https:\/\/the85store.com\/wp-content\/uploads\/2025\/10\/IMG_20251026_084658-Medium.jpg 768w\" sizes=\"auto, (max-width: 240px) 100vw, 240px\" \/> <img loading=\"lazy\" decoding=\"async\" class=\"alignnone size-medium wp-image-882\" src=\"https:\/\/the85store.com\/wp-content\/uploads\/2025\/10\/IMG_20251026_084154-Medium-240x300.jpg\" alt=\"\" width=\"240\" height=\"300\" srcset=\"https:\/\/the85store.com\/wp-content\/uploads\/2025\/10\/IMG_20251026_084154-Medium-240x300.jpg 240w, https:\/\/the85store.com\/wp-content\/uploads\/2025\/10\/IMG_20251026_084154-Medium-10x12.jpg 10w, https:\/\/the85store.com\/wp-content\/uploads\/2025\/10\/IMG_20251026_084154-Medium-416x520.jpg 416w, https:\/\/the85store.com\/wp-content\/uploads\/2025\/10\/IMG_20251026_084154-Medium.jpg 768w\" sizes=\"auto, (max-width: 240px) 100vw, 240px\" \/><\/p>","protected":false},"excerpt":{"rendered":"<p>V\u00e1y tr\u1ec5 vai c\u00f3 c\u1ed5 nh\u00fan b\u00e8o.<\/p>","protected":false},"featured_media":878,"comment_status":"open","ping_status":"closed","template":"","meta":[],"product_brand":[],"product_cat":[46,36],"product_tag":[],"class_list":{"0":"post-847","1":"product","2":"type-product","3":"status-publish","4":"has-post-thumbnail","6":"product_cat-dresses","7":"product_cat-womens","8":"pa_colour-beige","9":"pa_colour-black","10":"pa_colour-blue","11":"pa_colour-green","12":"pa_colour-pink","13":"pa_colour-white","15":"first","16":"instock","17":"sale","18":"shipping-taxable","19":"purchasable","20":"product-type-variable"},"jetpack_sharing_enabled":true,"_links":{"self":[{"href":"https:\/\/the85store.com\/vi\/wp-json\/wp\/v2\/product\/847","targetHints":{"allow":["GET"]}}],"collection":[{"href":"https:\/\/the85store.com\/vi\/wp-json\/wp\/v2\/product"}],"about":[{"href":"https:\/\/the85store.com\/vi\/wp-json\/wp\/v2\/types\/product"}],"replies":[{"embeddable":true,"href":"https:\/\/the85store.com\/vi\/wp-json\/wp\/v2\/comments?post=847"}],"wp:featuredmedia":[{"embeddable":true,"href":"https:\/\/the85store.com\/vi\/wp-json\/wp\/v2\/media\/878"}],"wp:attachment":[{"href":"https:\/\/the85store.com\/vi\/wp-json\/wp\/v2\/media?parent=847"}],"wp:term":[{"taxonomy":"product_brand","embeddable":true,"href":"https:\/\/the85store.com\/vi\/wp-json\/wp\/v2\/product_brand?post=847"},{"taxonomy":"product_cat","embeddable":true,"href":"https:\/\/the85store.com\/vi\/wp-json\/wp\/v2\/product_cat?post=847"},{"taxonomy":"product_tag","embeddable":true,"href":"https:\/\/the85store.com\/vi\/wp-json\/wp\/v2\/product_tag?post=847"}],"curies":[{"name":"wp","href":"https:\/\/api.w.org\/{rel}","templated":true}]}}