{"id":69,"date":"2025-07-30T04:42:10","date_gmt":"2025-07-30T04:42:10","guid":{"rendered":"https:\/\/spiralproducts.com.my\/the85\/?post_type=product&#038;p=69"},"modified":"2025-10-20T00:09:51","modified_gmt":"2025-10-20T00:09:51","slug":"mens-long-sleeve-button-up-shirt","status":"publish","type":"product","link":"https:\/\/the85store.com\/vi\/san-pham\/mens-long-sleeve-button-up-shirt\/","title":{"rendered":"\u00c1o s\u01a1 mi nam d\u00e0i tay c\u00e0i n\u00fat"},"content":{"rendered":"<p>\u00c1o s\u01a1 mi v\u1ea3i lanh Smart 100% c\u00e0i n\u00fat.<\/p>\n<p><img loading=\"lazy\" decoding=\"async\" class=\"alignnone size-medium wp-image-77 alignleft\" src=\"https:\/\/the85store.com\/wp-content\/uploads\/2025\/07\/IMG_3742-200x300.jpg\" alt=\"\" width=\"200\" height=\"300\" srcset=\"https:\/\/the85store.com\/wp-content\/uploads\/2025\/07\/IMG_3742-200x300.jpg 200w, https:\/\/the85store.com\/wp-content\/uploads\/2025\/07\/IMG_3742-scaled-416x624.jpg 416w, https:\/\/the85store.com\/wp-content\/uploads\/2025\/07\/IMG_3742-683x1024.jpg 683w, https:\/\/the85store.com\/wp-content\/uploads\/2025\/07\/IMG_3742-768x1152.jpg 768w, https:\/\/the85store.com\/wp-content\/uploads\/2025\/07\/IMG_3742-1024x1536.jpg 1024w, https:\/\/the85store.com\/wp-content\/uploads\/2025\/07\/IMG_3742-1365x2048.jpg 1365w, https:\/\/the85store.com\/wp-content\/uploads\/2025\/07\/IMG_3742-scaled.jpg 1707w\" sizes=\"auto, (max-width: 200px) 100vw, 200px\" \/> <img loading=\"lazy\" decoding=\"async\" class=\"alignnone size-medium wp-image-78 alignleft\" src=\"https:\/\/the85store.com\/wp-content\/uploads\/2025\/07\/IMG_3740-200x300.jpg\" alt=\"\" width=\"200\" height=\"300\" srcset=\"https:\/\/the85store.com\/wp-content\/uploads\/2025\/07\/IMG_3740-200x300.jpg 200w, https:\/\/the85store.com\/wp-content\/uploads\/2025\/07\/IMG_3740-scaled-416x624.jpg 416w, https:\/\/the85store.com\/wp-content\/uploads\/2025\/07\/IMG_3740-683x1024.jpg 683w, https:\/\/the85store.com\/wp-content\/uploads\/2025\/07\/IMG_3740-768x1152.jpg 768w, https:\/\/the85store.com\/wp-content\/uploads\/2025\/07\/IMG_3740-1024x1536.jpg 1024w, https:\/\/the85store.com\/wp-content\/uploads\/2025\/07\/IMG_3740-1365x2048.jpg 1365w, https:\/\/the85store.com\/wp-content\/uploads\/2025\/07\/IMG_3740-scaled.jpg 1707w\" sizes=\"auto, (max-width: 200px) 100vw, 200px\" \/><img loading=\"lazy\" decoding=\"async\" class=\"alignnone size-medium wp-image-79 alignleft\" src=\"https:\/\/the85store.com\/wp-content\/uploads\/2025\/07\/IMG_3753-300x200.jpg\" alt=\"\" width=\"300\" height=\"200\" srcset=\"https:\/\/the85store.com\/wp-content\/uploads\/2025\/07\/IMG_3753-300x200.jpg 300w, https:\/\/the85store.com\/wp-content\/uploads\/2025\/07\/IMG_3753-scaled-416x277.jpg 416w, https:\/\/the85store.com\/wp-content\/uploads\/2025\/07\/IMG_3753-1024x683.jpg 1024w, https:\/\/the85store.com\/wp-content\/uploads\/2025\/07\/IMG_3753-768x512.jpg 768w, https:\/\/the85store.com\/wp-content\/uploads\/2025\/07\/IMG_3753-1536x1024.jpg 1536w, https:\/\/the85store.com\/wp-content\/uploads\/2025\/07\/IMG_3753-2048x1365.jpg 2048w\" sizes=\"auto, (max-width: 300px) 100vw, 300px\" \/> <img loading=\"lazy\" decoding=\"async\" class=\"alignnone size-medium wp-image-80 alignleft\" src=\"https:\/\/the85store.com\/wp-content\/uploads\/2025\/07\/IMG_4014-200x300.jpg\" alt=\"\" width=\"200\" height=\"300\" srcset=\"https:\/\/the85store.com\/wp-content\/uploads\/2025\/07\/IMG_4014-200x300.jpg 200w, https:\/\/the85store.com\/wp-content\/uploads\/2025\/07\/IMG_4014-scaled-416x624.jpg 416w, https:\/\/the85store.com\/wp-content\/uploads\/2025\/07\/IMG_4014-683x1024.jpg 683w, https:\/\/the85store.com\/wp-content\/uploads\/2025\/07\/IMG_4014-768x1152.jpg 768w, https:\/\/the85store.com\/wp-content\/uploads\/2025\/07\/IMG_4014-1024x1536.jpg 1024w, https:\/\/the85store.com\/wp-content\/uploads\/2025\/07\/IMG_4014-1365x2048.jpg 1365w, https:\/\/the85store.com\/wp-content\/uploads\/2025\/07\/IMG_4014-scaled.jpg 1707w\" sizes=\"auto, (max-width: 200px) 100vw, 200px\" \/> <img loading=\"lazy\" decoding=\"async\" class=\"alignnone size-medium wp-image-81 alignleft\" src=\"https:\/\/the85store.com\/wp-content\/uploads\/2025\/07\/IMG_3839-200x300.jpg\" alt=\"\" width=\"200\" height=\"300\" srcset=\"https:\/\/the85store.com\/wp-content\/uploads\/2025\/07\/IMG_3839-200x300.jpg 200w, https:\/\/the85store.com\/wp-content\/uploads\/2025\/07\/IMG_3839-scaled-416x624.jpg 416w, https:\/\/the85store.com\/wp-content\/uploads\/2025\/07\/IMG_3839-683x1024.jpg 683w, https:\/\/the85store.com\/wp-content\/uploads\/2025\/07\/IMG_3839-768x1152.jpg 768w, https:\/\/the85store.com\/wp-content\/uploads\/2025\/07\/IMG_3839-1024x1536.jpg 1024w, https:\/\/the85store.com\/wp-content\/uploads\/2025\/07\/IMG_3839-1365x2048.jpg 1365w, https:\/\/the85store.com\/wp-content\/uploads\/2025\/07\/IMG_3839-scaled.jpg 1707w\" sizes=\"auto, (max-width: 200px) 100vw, 200px\" \/> <img loading=\"lazy\" decoding=\"async\" class=\"alignnone size-medium wp-image-82 alignleft\" src=\"https:\/\/the85store.com\/wp-content\/uploads\/2025\/07\/IMG_3846-200x300.jpg\" alt=\"\" width=\"200\" height=\"300\" srcset=\"https:\/\/the85store.com\/wp-content\/uploads\/2025\/07\/IMG_3846-200x300.jpg 200w, https:\/\/the85store.com\/wp-content\/uploads\/2025\/07\/IMG_3846-scaled-416x624.jpg 416w, https:\/\/the85store.com\/wp-content\/uploads\/2025\/07\/IMG_3846-683x1024.jpg 683w, https:\/\/the85store.com\/wp-content\/uploads\/2025\/07\/IMG_3846-768x1152.jpg 768w, https:\/\/the85store.com\/wp-content\/uploads\/2025\/07\/IMG_3846-1024x1536.jpg 1024w, https:\/\/the85store.com\/wp-content\/uploads\/2025\/07\/IMG_3846-1365x2048.jpg 1365w, https:\/\/the85store.com\/wp-content\/uploads\/2025\/07\/IMG_3846-scaled.jpg 1707w\" sizes=\"auto, (max-width: 200px) 100vw, 200px\" \/> <img loading=\"lazy\" decoding=\"async\" class=\"alignnone size-medium wp-image-83 alignleft\" src=\"https:\/\/the85store.com\/wp-content\/uploads\/2025\/07\/IMG_3851-200x300.jpg\" alt=\"\" width=\"200\" height=\"300\" srcset=\"https:\/\/the85store.com\/wp-content\/uploads\/2025\/07\/IMG_3851-200x300.jpg 200w, https:\/\/the85store.com\/wp-content\/uploads\/2025\/07\/IMG_3851-scaled-416x624.jpg 416w, https:\/\/the85store.com\/wp-content\/uploads\/2025\/07\/IMG_3851-683x1024.jpg 683w, https:\/\/the85store.com\/wp-content\/uploads\/2025\/07\/IMG_3851-768x1152.jpg 768w, https:\/\/the85store.com\/wp-content\/uploads\/2025\/07\/IMG_3851-1024x1536.jpg 1024w, https:\/\/the85store.com\/wp-content\/uploads\/2025\/07\/IMG_3851-1365x2048.jpg 1365w, https:\/\/the85store.com\/wp-content\/uploads\/2025\/07\/IMG_3851-scaled.jpg 1707w\" sizes=\"auto, (max-width: 200px) 100vw, 200px\" \/><\/p>\n<p>&nbsp;<\/p>\n<p>&nbsp;<\/p>\n<p>&nbsp;<\/p>\n<h2 class=\"mb-2 mt-4 font-display font-semimedium text-base first:mt-0\">B\u1ea3ng size \u00e1o s\u01a1 mi nam<\/h2>\n<div class=\"group relative\">\n<table class=\"border-subtler my-[1em] w-full table-auto border-separate border-spacing-0 border-l border-t\">\n<thead class=\"bg-subtler\">\n<tr>\n<th class=\"border-subtler p-sm break-normal border-b border-r text-left align-top\">K\u00edch c\u1ee1<\/th>\n<th class=\"border-subtler p-sm break-normal border-b border-r text-left align-top\">C\u1ed5 (cm)<\/th>\n<th class=\"border-subtler p-sm break-normal border-b border-r text-left align-top\">Ng\u1ef1c (cm)<\/th>\n<th class=\"border-subtler p-sm break-normal border-b border-r text-left align-top\">Chi\u1ec1u d\u00e0i tay \u00e1o (cm\/in)<\/th>\n<\/tr>\n<\/thead>\n<tbody>\n<tr>\n<td class=\"px-sm border-subtler min-w-[48px] break-normal border-b border-r\"><strong>Ch\u00e2u \u00c1<\/strong><\/td>\n<td class=\"px-sm border-subtler min-w-[48px] break-normal border-b border-r\"><\/td>\n<td class=\"px-sm border-subtler min-w-[48px] break-normal border-b border-r\"><\/td>\n<td class=\"px-sm border-subtler min-w-[48px] break-normal border-b border-r\"><\/td>\n<\/tr>\n<tr>\n<td class=\"px-sm border-subtler min-w-[48px] break-normal border-b border-r\">S<\/td>\n<td class=\"px-sm border-subtler min-w-[48px] break-normal border-b border-r\">37<\/td>\n<td class=\"px-sm border-subtler min-w-[48px] break-normal border-b border-r\">88-92<\/td>\n<td class=\"px-sm border-subtler min-w-[48px] break-normal border-b border-r\">51 \/ 20.1<\/td>\n<\/tr>\n<tr>\n<td class=\"px-sm border-subtler min-w-[48px] break-normal border-b border-r\">M<\/td>\n<td class=\"px-sm border-subtler min-w-[48px] break-normal border-b border-r\">38-39<\/td>\n<td class=\"px-sm border-subtler min-w-[48px] break-normal border-b border-r\">93-97<\/td>\n<td class=\"px-sm border-subtler min-w-[48px] break-normal border-b border-r\">53 \/ 20.9<\/td>\n<\/tr>\n<tr>\n<td class=\"px-sm border-subtler min-w-[48px] break-normal border-b border-r\">L<\/td>\n<td class=\"px-sm border-subtler min-w-[48px] break-normal border-b border-r\">40-41<\/td>\n<td class=\"px-sm border-subtler min-w-[48px] break-normal border-b border-r\">98-102<\/td>\n<td class=\"px-sm border-subtler min-w-[48px] break-normal border-b border-r\">55 \/ 21.7<\/td>\n<\/tr>\n<tr>\n<td class=\"px-sm border-subtler min-w-[48px] break-normal border-b border-r\">XL<\/td>\n<td class=\"px-sm border-subtler min-w-[48px] break-normal border-b border-r\">42<\/td>\n<td class=\"px-sm border-subtler min-w-[48px] break-normal border-b border-r\">103-107<\/td>\n<td class=\"px-sm border-subtler min-w-[48px] break-normal border-b border-r\">57 \/ 22.4<\/td>\n<\/tr>\n<tr>\n<td class=\"px-sm border-subtler min-w-[48px] break-normal border-b border-r\">XXL<\/td>\n<td class=\"px-sm border-subtler min-w-[48px] break-normal border-b border-r\">43-44<\/td>\n<td class=\"px-sm border-subtler min-w-[48px] break-normal border-b border-r\">108-112<\/td>\n<td class=\"px-sm border-subtler min-w-[48px] break-normal border-b border-r\">59 \/ 23.2<\/td>\n<\/tr>\n<tr>\n<td class=\"px-sm border-subtler min-w-[48px] break-normal border-b border-r\">3XL<\/td>\n<td class=\"px-sm border-subtler min-w-[48px] break-normal border-b border-r\">45<\/td>\n<td class=\"px-sm border-subtler min-w-[48px] break-normal border-b border-r\">113-118<\/td>\n<td class=\"px-sm border-subtler min-w-[48px] break-normal border-b border-r\">61 \/ 24<\/td>\n<\/tr>\n<tr>\n<td class=\"px-sm border-subtler min-w-[48px] break-normal border-b border-r\"><strong>T\u00e2y<\/strong><\/td>\n<td class=\"px-sm border-subtler min-w-[48px] break-normal border-b border-r\"><\/td>\n<td class=\"px-sm border-subtler min-w-[48px] break-normal border-b border-r\"><\/td>\n<td class=\"px-sm border-subtler min-w-[48px] break-normal border-b border-r\"><\/td>\n<\/tr>\n<tr>\n<td class=\"px-sm border-subtler min-w-[48px] break-normal border-b border-r\">XS<\/td>\n<td class=\"px-sm border-subtler min-w-[48px] break-normal border-b border-r\">37<\/td>\n<td class=\"px-sm border-subtler min-w-[48px] break-normal border-b border-r\">88-92<\/td>\n<td class=\"px-sm border-subtler min-w-[48px] break-normal border-b border-r\">60 \/ 23.6<\/td>\n<\/tr>\n<tr>\n<td class=\"px-sm border-subtler min-w-[48px] break-normal border-b border-r\">S<\/td>\n<td class=\"px-sm border-subtler min-w-[48px] break-normal border-b border-r\">38<\/td>\n<td class=\"px-sm border-subtler min-w-[48px] break-normal border-b border-r\">92-96<\/td>\n<td class=\"px-sm border-subtler min-w-[48px] break-normal border-b border-r\">62 \/ 24.4<\/td>\n<\/tr>\n<tr>\n<td class=\"px-sm border-subtler min-w-[48px] break-normal border-b border-r\">M<\/td>\n<td class=\"px-sm border-subtler min-w-[48px] break-normal border-b border-r\">39-41<\/td>\n<td class=\"px-sm border-subtler min-w-[48px] break-normal border-b border-r\">97-102<\/td>\n<td class=\"px-sm border-subtler min-w-[48px] break-normal border-b border-r\">64 \/ 25.2<\/td>\n<\/tr>\n<tr>\n<td class=\"px-sm border-subtler min-w-[48px] break-normal border-b border-r\">L<\/td>\n<td class=\"px-sm border-subtler min-w-[48px] break-normal border-b border-r\">42<\/td>\n<td class=\"px-sm border-subtler min-w-[48px] break-normal border-b border-r\">103-107<\/td>\n<td class=\"px-sm border-subtler min-w-[48px] break-normal border-b border-r\">66 \/ 26<\/td>\n<\/tr>\n<tr>\n<td class=\"px-sm border-subtler min-w-[48px] break-normal border-b border-r\">XL<\/td>\n<td class=\"px-sm border-subtler min-w-[48px] break-normal border-b border-r\">43-44<\/td>\n<td class=\"px-sm border-subtler min-w-[48px] break-normal border-b border-r\">108-112<\/td>\n<td class=\"px-sm border-subtler min-w-[48px] break-normal border-b border-r\">68 \/ 26.8<\/td>\n<\/tr>\n<tr>\n<td class=\"px-sm border-subtler min-w-[48px] break-normal border-b border-r\">XXL<\/td>\n<td class=\"px-sm border-subtler min-w-[48px] break-normal border-b border-r\">45<\/td>\n<td class=\"px-sm border-subtler min-w-[48px] break-normal border-b border-r\">113-118<\/td>\n<td class=\"px-sm border-subtler min-w-[48px] break-normal border-b border-r\">69 \/ 27.2<\/td>\n<\/tr>\n<\/tbody>\n<\/table>\n<\/div>","protected":false},"excerpt":{"rendered":"<p>\u00c1o s\u01a1 mi v\u1ea3i lanh c\u00e0i n\u00fat 100% d\u00e0nh cho nam<\/p>","protected":false},"featured_media":71,"comment_status":"open","ping_status":"closed","template":"","meta":[],"product_brand":[],"product_cat":[18,19],"product_tag":[20,21],"class_list":{"0":"post-69","1":"product","2":"type-product","3":"status-publish","4":"has-post-thumbnail","6":"product_cat-mens","7":"product_cat-shirts","8":"product_tag-mens","9":"product_tag-shirts","10":"pa_colour-beige","11":"pa_colour-black","12":"pa_colour-blue","13":"pa_colour-white","14":"pa_mens-shirt-sizes-a3xl","15":"pa_mens-shirt-sizes-axxl","16":"pa_mens-shirt-sizes-axl","17":"pa_mens-shirt-sizes-al","18":"pa_mens-shirt-sizes-am","19":"pa_mens-shirt-sizes-as","20":"pa_mens-shirt-sizes-wxxl","21":"pa_mens-shirt-sizes-wxl","22":"pa_mens-shirt-sizes-wes","23":"pa_mens-shirt-sizes-wl","24":"pa_mens-shirt-sizes-wm","25":"pa_mens-shirt-sizes-ws","27":"first","28":"instock","29":"sale","30":"shipping-taxable","31":"purchasable","32":"product-type-variable"},"jetpack_sharing_enabled":true,"_links":{"self":[{"href":"https:\/\/the85store.com\/vi\/wp-json\/wp\/v2\/product\/69","targetHints":{"allow":["GET"]}}],"collection":[{"href":"https:\/\/the85store.com\/vi\/wp-json\/wp\/v2\/product"}],"about":[{"href":"https:\/\/the85store.com\/vi\/wp-json\/wp\/v2\/types\/product"}],"replies":[{"embeddable":true,"href":"https:\/\/the85store.com\/vi\/wp-json\/wp\/v2\/comments?post=69"}],"wp:featuredmedia":[{"embeddable":true,"href":"https:\/\/the85store.com\/vi\/wp-json\/wp\/v2\/media\/71"}],"wp:attachment":[{"href":"https:\/\/the85store.com\/vi\/wp-json\/wp\/v2\/media?parent=69"}],"wp:term":[{"taxonomy":"product_brand","embeddable":true,"href":"https:\/\/the85store.com\/vi\/wp-json\/wp\/v2\/product_brand?post=69"},{"taxonomy":"product_cat","embeddable":true,"href":"https:\/\/the85store.com\/vi\/wp-json\/wp\/v2\/product_cat?post=69"},{"taxonomy":"product_tag","embeddable":true,"href":"https:\/\/the85store.com\/vi\/wp-json\/wp\/v2\/product_tag?post=69"}],"curies":[{"name":"wp","href":"https:\/\/api.w.org\/{rel}","templated":true}]}}