{"id":621,"date":"2025-08-12T03:29:04","date_gmt":"2025-08-12T03:29:04","guid":{"rendered":"https:\/\/the85store.com\/?post_type=product&#038;p=621"},"modified":"2025-10-09T07:27:37","modified_gmt":"2025-10-09T07:27:37","slug":"embroidered_summer_dress","status":"publish","type":"product","link":"https:\/\/the85store.com\/vi\/san-pham\/embroidered_summer_dress\/","title":{"rendered":"V\u00e1y m\u00f9a h\u00e8 th\u00eau"},"content":{"rendered":"<p><img loading=\"lazy\" decoding=\"async\" class=\"alignnone size-medium wp-image-652 alignleft\" src=\"https:\/\/the85store.com\/wp-content\/uploads\/2025\/08\/z6865434096142_7f28964e238b6cf00f4b252c0a442347-169x300.jpg\" alt=\"\" width=\"169\" height=\"300\" srcset=\"https:\/\/the85store.com\/wp-content\/uploads\/2025\/08\/z6865434096142_7f28964e238b6cf00f4b252c0a442347-169x300.jpg 169w, https:\/\/the85store.com\/wp-content\/uploads\/2025\/08\/z6865434096142_7f28964e238b6cf00f4b252c0a442347-416x739.jpg 416w, https:\/\/the85store.com\/wp-content\/uploads\/2025\/08\/z6865434096142_7f28964e238b6cf00f4b252c0a442347-576x1024.jpg 576w, https:\/\/the85store.com\/wp-content\/uploads\/2025\/08\/z6865434096142_7f28964e238b6cf00f4b252c0a442347-7x12.jpg 7w, https:\/\/the85store.com\/wp-content\/uploads\/2025\/08\/z6865434096142_7f28964e238b6cf00f4b252c0a442347.jpg 718w\" sizes=\"auto, (max-width: 169px) 100vw, 169px\" \/> <img loading=\"lazy\" decoding=\"async\" class=\"alignnone size-medium wp-image-653 alignleft\" src=\"https:\/\/the85store.com\/wp-content\/uploads\/2025\/08\/z6865439427838_c1a638d5a7e5b0a075bb677d9abc9186-144x300.jpg\" alt=\"\" width=\"144\" height=\"300\" srcset=\"https:\/\/the85store.com\/wp-content\/uploads\/2025\/08\/z6865439427838_c1a638d5a7e5b0a075bb677d9abc9186-144x300.jpg 144w, https:\/\/the85store.com\/wp-content\/uploads\/2025\/08\/z6865439427838_c1a638d5a7e5b0a075bb677d9abc9186-416x867.jpg 416w, https:\/\/the85store.com\/wp-content\/uploads\/2025\/08\/z6865439427838_c1a638d5a7e5b0a075bb677d9abc9186-491x1024.jpg 491w, https:\/\/the85store.com\/wp-content\/uploads\/2025\/08\/z6865439427838_c1a638d5a7e5b0a075bb677d9abc9186-6x12.jpg 6w, https:\/\/the85store.com\/wp-content\/uploads\/2025\/08\/z6865439427838_c1a638d5a7e5b0a075bb677d9abc9186.jpg 614w\" sizes=\"auto, (max-width: 144px) 100vw, 144px\" \/> <img loading=\"lazy\" decoding=\"async\" class=\"alignnone size-medium wp-image-654 alignleft\" src=\"https:\/\/the85store.com\/wp-content\/uploads\/2025\/08\/z6865439436162_bff8d44fb771380e665e168a2c4bbfaf-169x300.jpg\" alt=\"\" width=\"169\" height=\"300\" srcset=\"https:\/\/the85store.com\/wp-content\/uploads\/2025\/08\/z6865439436162_bff8d44fb771380e665e168a2c4bbfaf-169x300.jpg 169w, https:\/\/the85store.com\/wp-content\/uploads\/2025\/08\/z6865439436162_bff8d44fb771380e665e168a2c4bbfaf-416x739.jpg 416w, https:\/\/the85store.com\/wp-content\/uploads\/2025\/08\/z6865439436162_bff8d44fb771380e665e168a2c4bbfaf-576x1024.jpg 576w, https:\/\/the85store.com\/wp-content\/uploads\/2025\/08\/z6865439436162_bff8d44fb771380e665e168a2c4bbfaf-7x12.jpg 7w, https:\/\/the85store.com\/wp-content\/uploads\/2025\/08\/z6865439436162_bff8d44fb771380e665e168a2c4bbfaf.jpg 718w\" sizes=\"auto, (max-width: 169px) 100vw, 169px\" \/> <img loading=\"lazy\" decoding=\"async\" class=\"alignnone size-medium wp-image-655 alignleft\" src=\"https:\/\/the85store.com\/wp-content\/uploads\/2025\/08\/z6865439444859_25262018ac8ab9c04a49261396da13e8-169x300.jpg\" alt=\"\" width=\"169\" height=\"300\" srcset=\"https:\/\/the85store.com\/wp-content\/uploads\/2025\/08\/z6865439444859_25262018ac8ab9c04a49261396da13e8-169x300.jpg 169w, https:\/\/the85store.com\/wp-content\/uploads\/2025\/08\/z6865439444859_25262018ac8ab9c04a49261396da13e8-416x739.jpg 416w, https:\/\/the85store.com\/wp-content\/uploads\/2025\/08\/z6865439444859_25262018ac8ab9c04a49261396da13e8-576x1024.jpg 576w, https:\/\/the85store.com\/wp-content\/uploads\/2025\/08\/z6865439444859_25262018ac8ab9c04a49261396da13e8-7x12.jpg 7w, https:\/\/the85store.com\/wp-content\/uploads\/2025\/08\/z6865439444859_25262018ac8ab9c04a49261396da13e8.jpg 718w\" sizes=\"auto, (max-width: 169px) 100vw, 169px\" \/><\/p>","protected":false},"excerpt":{"rendered":"<p>V\u00e1y th\u00eau kh\u00f4ng tay.<\/p>","protected":false},"featured_media":655,"comment_status":"open","ping_status":"closed","template":"","meta":[],"product_brand":[],"product_cat":[46,36],"product_tag":[],"class_list":{"0":"post-621","1":"product","2":"type-product","3":"status-publish","4":"has-post-thumbnail","6":"product_cat-dresses","7":"product_cat-womens","8":"pa_colour-beige","9":"pa_colour-black","10":"pa_colour-blue","11":"pa_colour-green","12":"pa_colour-pink","13":"pa_colour-white","15":"first","16":"instock","17":"sale","18":"shipping-taxable","19":"purchasable","20":"product-type-variable"},"jetpack_sharing_enabled":true,"_links":{"self":[{"href":"https:\/\/the85store.com\/vi\/wp-json\/wp\/v2\/product\/621","targetHints":{"allow":["GET"]}}],"collection":[{"href":"https:\/\/the85store.com\/vi\/wp-json\/wp\/v2\/product"}],"about":[{"href":"https:\/\/the85store.com\/vi\/wp-json\/wp\/v2\/types\/product"}],"replies":[{"embeddable":true,"href":"https:\/\/the85store.com\/vi\/wp-json\/wp\/v2\/comments?post=621"}],"wp:featuredmedia":[{"embeddable":true,"href":"https:\/\/the85store.com\/vi\/wp-json\/wp\/v2\/media\/655"}],"wp:attachment":[{"href":"https:\/\/the85store.com\/vi\/wp-json\/wp\/v2\/media?parent=621"}],"wp:term":[{"taxonomy":"product_brand","embeddable":true,"href":"https:\/\/the85store.com\/vi\/wp-json\/wp\/v2\/product_brand?post=621"},{"taxonomy":"product_cat","embeddable":true,"href":"https:\/\/the85store.com\/vi\/wp-json\/wp\/v2\/product_cat?post=621"},{"taxonomy":"product_tag","embeddable":true,"href":"https:\/\/the85store.com\/vi\/wp-json\/wp\/v2\/product_tag?post=621"}],"curies":[{"name":"wp","href":"https:\/\/api.w.org\/{rel}","templated":true}]}}