{"id":465,"date":"2025-07-31T08:07:59","date_gmt":"2025-07-31T08:07:59","guid":{"rendered":"https:\/\/spiralproducts.com.my\/the85\/?post_type=product&#038;p=465"},"modified":"2025-10-09T07:27:31","modified_gmt":"2025-10-09T07:27:31","slug":"boys-short-pants","status":"publish","type":"product","link":"https:\/\/the85store.com\/vi\/san-pham\/boys-short-pants\/","title":{"rendered":"Qu\u1ea7n \u0111\u00f9i b\u00e9 trai"},"content":{"rendered":"<p><img loading=\"lazy\" decoding=\"async\" class=\"alignnone size-medium wp-image-496 alignleft\" src=\"https:\/\/the85store.com\/wp-content\/uploads\/2025\/07\/IMG_3596-200x300.jpg\" alt=\"\" width=\"200\" height=\"300\" srcset=\"https:\/\/the85store.com\/wp-content\/uploads\/2025\/07\/IMG_3596-200x300.jpg 200w, https:\/\/the85store.com\/wp-content\/uploads\/2025\/07\/IMG_3596-scaled-416x624.jpg 416w, https:\/\/the85store.com\/wp-content\/uploads\/2025\/07\/IMG_3596-683x1024.jpg 683w, https:\/\/the85store.com\/wp-content\/uploads\/2025\/07\/IMG_3596-768x1152.jpg 768w, https:\/\/the85store.com\/wp-content\/uploads\/2025\/07\/IMG_3596-1024x1536.jpg 1024w, https:\/\/the85store.com\/wp-content\/uploads\/2025\/07\/IMG_3596-1365x2048.jpg 1365w, https:\/\/the85store.com\/wp-content\/uploads\/2025\/07\/IMG_3596-scaled.jpg 1707w\" sizes=\"auto, (max-width: 200px) 100vw, 200px\" \/> <img loading=\"lazy\" decoding=\"async\" class=\"alignnone size-medium wp-image-497 alignleft\" src=\"https:\/\/the85store.com\/wp-content\/uploads\/2025\/07\/IMG_3560-200x300.jpg\" alt=\"\" width=\"200\" height=\"300\" srcset=\"https:\/\/the85store.com\/wp-content\/uploads\/2025\/07\/IMG_3560-200x300.jpg 200w, https:\/\/the85store.com\/wp-content\/uploads\/2025\/07\/IMG_3560-scaled-416x624.jpg 416w, https:\/\/the85store.com\/wp-content\/uploads\/2025\/07\/IMG_3560-683x1024.jpg 683w, https:\/\/the85store.com\/wp-content\/uploads\/2025\/07\/IMG_3560-768x1152.jpg 768w, https:\/\/the85store.com\/wp-content\/uploads\/2025\/07\/IMG_3560-1024x1536.jpg 1024w, https:\/\/the85store.com\/wp-content\/uploads\/2025\/07\/IMG_3560-1365x2048.jpg 1365w, https:\/\/the85store.com\/wp-content\/uploads\/2025\/07\/IMG_3560-scaled.jpg 1707w\" sizes=\"auto, (max-width: 200px) 100vw, 200px\" \/> <img loading=\"lazy\" decoding=\"async\" class=\"alignnone size-medium wp-image-498 alignleft\" src=\"https:\/\/the85store.com\/wp-content\/uploads\/2025\/07\/IMG_3561-1-200x300.jpg\" alt=\"\" width=\"200\" height=\"300\" srcset=\"https:\/\/the85store.com\/wp-content\/uploads\/2025\/07\/IMG_3561-1-200x300.jpg 200w, https:\/\/the85store.com\/wp-content\/uploads\/2025\/07\/IMG_3561-1-scaled-416x624.jpg 416w, https:\/\/the85store.com\/wp-content\/uploads\/2025\/07\/IMG_3561-1-683x1024.jpg 683w, https:\/\/the85store.com\/wp-content\/uploads\/2025\/07\/IMG_3561-1-768x1152.jpg 768w, https:\/\/the85store.com\/wp-content\/uploads\/2025\/07\/IMG_3561-1-1024x1536.jpg 1024w, https:\/\/the85store.com\/wp-content\/uploads\/2025\/07\/IMG_3561-1-1365x2048.jpg 1365w, https:\/\/the85store.com\/wp-content\/uploads\/2025\/07\/IMG_3561-1-scaled.jpg 1707w\" sizes=\"auto, (max-width: 200px) 100vw, 200px\" \/> <img loading=\"lazy\" decoding=\"async\" class=\"alignnone size-medium wp-image-499 alignleft\" src=\"https:\/\/the85store.com\/wp-content\/uploads\/2025\/07\/IMG_3592-200x300.jpg\" alt=\"\" width=\"200\" height=\"300\" srcset=\"https:\/\/the85store.com\/wp-content\/uploads\/2025\/07\/IMG_3592-200x300.jpg 200w, https:\/\/the85store.com\/wp-content\/uploads\/2025\/07\/IMG_3592-scaled-416x624.jpg 416w, https:\/\/the85store.com\/wp-content\/uploads\/2025\/07\/IMG_3592-683x1024.jpg 683w, https:\/\/the85store.com\/wp-content\/uploads\/2025\/07\/IMG_3592-768x1152.jpg 768w, https:\/\/the85store.com\/wp-content\/uploads\/2025\/07\/IMG_3592-1024x1536.jpg 1024w, https:\/\/the85store.com\/wp-content\/uploads\/2025\/07\/IMG_3592-1365x2048.jpg 1365w, https:\/\/the85store.com\/wp-content\/uploads\/2025\/07\/IMG_3592-scaled.jpg 1707w\" sizes=\"auto, (max-width: 200px) 100vw, 200px\" \/><img loading=\"lazy\" decoding=\"async\" class=\"alignnone size-medium wp-image-427 alignleft\" src=\"https:\/\/the85store.com\/wp-content\/uploads\/2025\/07\/IMG_3590-200x300.jpg\" alt=\"\" width=\"200\" height=\"300\" srcset=\"https:\/\/the85store.com\/wp-content\/uploads\/2025\/07\/IMG_3590-200x300.jpg 200w, https:\/\/the85store.com\/wp-content\/uploads\/2025\/07\/IMG_3590-scaled-416x624.jpg 416w, https:\/\/the85store.com\/wp-content\/uploads\/2025\/07\/IMG_3590-683x1024.jpg 683w, https:\/\/the85store.com\/wp-content\/uploads\/2025\/07\/IMG_3590-768x1152.jpg 768w, https:\/\/the85store.com\/wp-content\/uploads\/2025\/07\/IMG_3590-1024x1536.jpg 1024w, https:\/\/the85store.com\/wp-content\/uploads\/2025\/07\/IMG_3590-1365x2048.jpg 1365w, https:\/\/the85store.com\/wp-content\/uploads\/2025\/07\/IMG_3590-scaled.jpg 1707w\" sizes=\"auto, (max-width: 200px) 100vw, 200px\" \/> <img loading=\"lazy\" decoding=\"async\" class=\"alignnone size-medium wp-image-428 alignleft\" src=\"https:\/\/the85store.com\/wp-content\/uploads\/2025\/07\/IMG_3598-200x300.jpg\" alt=\"\" width=\"200\" height=\"300\" srcset=\"https:\/\/the85store.com\/wp-content\/uploads\/2025\/07\/IMG_3598-200x300.jpg 200w, https:\/\/the85store.com\/wp-content\/uploads\/2025\/07\/IMG_3598-scaled-416x624.jpg 416w, https:\/\/the85store.com\/wp-content\/uploads\/2025\/07\/IMG_3598-683x1024.jpg 683w, https:\/\/the85store.com\/wp-content\/uploads\/2025\/07\/IMG_3598-768x1152.jpg 768w, https:\/\/the85store.com\/wp-content\/uploads\/2025\/07\/IMG_3598-1024x1536.jpg 1024w, https:\/\/the85store.com\/wp-content\/uploads\/2025\/07\/IMG_3598-1365x2048.jpg 1365w, https:\/\/the85store.com\/wp-content\/uploads\/2025\/07\/IMG_3598-scaled.jpg 1707w\" sizes=\"auto, (max-width: 200px) 100vw, 200px\" \/><\/p>","protected":false},"excerpt":{"rendered":"<p>Qu\u1ea7n \u0111\u00f9i cho b\u00e9 trai.<\/p>\n<p><img loading=\"lazy\" decoding=\"async\" class=\"alignnone wp-image-539\" src=\"https:\/\/the85store.com\/wp-content\/uploads\/2025\/07\/The-85-Boys-Size-Chart-300x160.jpg\" alt=\"\" width=\"491\" height=\"262\" srcset=\"https:\/\/the85store.com\/wp-content\/uploads\/2025\/07\/The-85-Boys-Size-Chart-300x160.jpg 300w, https:\/\/the85store.com\/wp-content\/uploads\/2025\/07\/The-85-Boys-Size-Chart-416x222.jpg 416w, https:\/\/the85store.com\/wp-content\/uploads\/2025\/07\/The-85-Boys-Size-Chart-768x410.jpg 768w, https:\/\/the85store.com\/wp-content\/uploads\/2025\/07\/The-85-Boys-Size-Chart.jpg 862w\" sizes=\"auto, (max-width: 491px) 100vw, 491px\" \/><\/p>","protected":false},"featured_media":500,"comment_status":"open","ping_status":"closed","template":"","meta":[],"product_brand":[],"product_cat":[38,48],"product_tag":[],"class_list":{"0":"post-465","1":"product","2":"type-product","3":"status-publish","4":"has-post-thumbnail","6":"product_cat-kids","7":"product_cat-pants-kids","8":"pa_boys-sizes-49","9":"pa_boys-sizes-50","10":"pa_boys-sizes-51","11":"pa_boys-sizes-6x","12":"pa_boys-sizes-53","13":"pa_boys-sizes-54","14":"pa_boys-sizes-55","15":"pa_boys-sizes-56","16":"pa_boys-sizes-57","17":"pa_boys-sizes-58","18":"pa_boys-sizes-59","19":"pa_colour-beige","20":"pa_colour-black","21":"pa_colour-white","23":"first","24":"instock","25":"sale","26":"shipping-taxable","27":"purchasable","28":"product-type-variable"},"jetpack_sharing_enabled":true,"_links":{"self":[{"href":"https:\/\/the85store.com\/vi\/wp-json\/wp\/v2\/product\/465","targetHints":{"allow":["GET"]}}],"collection":[{"href":"https:\/\/the85store.com\/vi\/wp-json\/wp\/v2\/product"}],"about":[{"href":"https:\/\/the85store.com\/vi\/wp-json\/wp\/v2\/types\/product"}],"replies":[{"embeddable":true,"href":"https:\/\/the85store.com\/vi\/wp-json\/wp\/v2\/comments?post=465"}],"wp:featuredmedia":[{"embeddable":true,"href":"https:\/\/the85store.com\/vi\/wp-json\/wp\/v2\/media\/500"}],"wp:attachment":[{"href":"https:\/\/the85store.com\/vi\/wp-json\/wp\/v2\/media?parent=465"}],"wp:term":[{"taxonomy":"product_brand","embeddable":true,"href":"https:\/\/the85store.com\/vi\/wp-json\/wp\/v2\/product_brand?post=465"},{"taxonomy":"product_cat","embeddable":true,"href":"https:\/\/the85store.com\/vi\/wp-json\/wp\/v2\/product_cat?post=465"},{"taxonomy":"product_tag","embeddable":true,"href":"https:\/\/the85store.com\/vi\/wp-json\/wp\/v2\/product_tag?post=465"}],"curies":[{"name":"wp","href":"https:\/\/api.w.org\/{rel}","templated":true}]}}