{"id":337,"date":"2025-07-31T03:16:17","date_gmt":"2025-07-31T03:16:17","guid":{"rendered":"https:\/\/spiralproducts.com.my\/the85\/?post_type=product&#038;p=337"},"modified":"2025-10-26T04:58:50","modified_gmt":"2025-10-26T04:58:50","slug":"sleevless-knee-length-round-neck-dress","status":"publish","type":"product","link":"https:\/\/the85store.com\/vi\/san-pham\/sleevless-knee-length-round-neck-dress\/","title":{"rendered":"V\u00e1y c\u1ed5 tr\u00f2n d\u00e0i \u0111\u1ebfn \u0111\u1ea7u g\u1ed1i kh\u00f4ng tay"},"content":{"rendered":"<p><img loading=\"lazy\" decoding=\"async\" class=\"alignnone size-medium wp-image-339 alignleft\" src=\"https:\/\/the85store.com\/wp-content\/uploads\/2025\/07\/IMG_3794-200x300.jpg\" alt=\"\" width=\"200\" height=\"300\" srcset=\"https:\/\/the85store.com\/wp-content\/uploads\/2025\/07\/IMG_3794-200x300.jpg 200w, https:\/\/the85store.com\/wp-content\/uploads\/2025\/07\/IMG_3794-scaled-416x624.jpg 416w, https:\/\/the85store.com\/wp-content\/uploads\/2025\/07\/IMG_3794-683x1024.jpg 683w, https:\/\/the85store.com\/wp-content\/uploads\/2025\/07\/IMG_3794-768x1152.jpg 768w, https:\/\/the85store.com\/wp-content\/uploads\/2025\/07\/IMG_3794-1024x1536.jpg 1024w, https:\/\/the85store.com\/wp-content\/uploads\/2025\/07\/IMG_3794-1365x2048.jpg 1365w, https:\/\/the85store.com\/wp-content\/uploads\/2025\/07\/IMG_3794-scaled.jpg 1707w\" sizes=\"auto, (max-width: 200px) 100vw, 200px\" \/> <img loading=\"lazy\" decoding=\"async\" class=\"alignnone size-medium wp-image-340 alignleft\" src=\"https:\/\/the85store.com\/wp-content\/uploads\/2025\/07\/IMG_3829-200x300.jpg\" alt=\"\" width=\"200\" height=\"300\" srcset=\"https:\/\/the85store.com\/wp-content\/uploads\/2025\/07\/IMG_3829-200x300.jpg 200w, https:\/\/the85store.com\/wp-content\/uploads\/2025\/07\/IMG_3829-scaled-416x624.jpg 416w, https:\/\/the85store.com\/wp-content\/uploads\/2025\/07\/IMG_3829-683x1024.jpg 683w, https:\/\/the85store.com\/wp-content\/uploads\/2025\/07\/IMG_3829-768x1152.jpg 768w, https:\/\/the85store.com\/wp-content\/uploads\/2025\/07\/IMG_3829-1024x1536.jpg 1024w, https:\/\/the85store.com\/wp-content\/uploads\/2025\/07\/IMG_3829-1365x2048.jpg 1365w, https:\/\/the85store.com\/wp-content\/uploads\/2025\/07\/IMG_3829-scaled.jpg 1707w\" sizes=\"auto, (max-width: 200px) 100vw, 200px\" \/> <img loading=\"lazy\" decoding=\"async\" class=\"alignnone size-medium wp-image-341 alignleft\" src=\"https:\/\/the85store.com\/wp-content\/uploads\/2025\/07\/IMG_3830-200x300.jpg\" alt=\"\" width=\"200\" height=\"300\" srcset=\"https:\/\/the85store.com\/wp-content\/uploads\/2025\/07\/IMG_3830-200x300.jpg 200w, https:\/\/the85store.com\/wp-content\/uploads\/2025\/07\/IMG_3830-scaled-416x624.jpg 416w, https:\/\/the85store.com\/wp-content\/uploads\/2025\/07\/IMG_3830-683x1024.jpg 683w, https:\/\/the85store.com\/wp-content\/uploads\/2025\/07\/IMG_3830-768x1152.jpg 768w, https:\/\/the85store.com\/wp-content\/uploads\/2025\/07\/IMG_3830-1024x1536.jpg 1024w, https:\/\/the85store.com\/wp-content\/uploads\/2025\/07\/IMG_3830-1365x2048.jpg 1365w, https:\/\/the85store.com\/wp-content\/uploads\/2025\/07\/IMG_3830-scaled.jpg 1707w\" sizes=\"auto, (max-width: 200px) 100vw, 200px\" \/> <img loading=\"lazy\" decoding=\"async\" class=\"alignnone size-medium wp-image-342 alignleft\" src=\"https:\/\/the85store.com\/wp-content\/uploads\/2025\/07\/IMG_3833-200x300.jpg\" alt=\"\" width=\"200\" height=\"300\" srcset=\"https:\/\/the85store.com\/wp-content\/uploads\/2025\/07\/IMG_3833-200x300.jpg 200w, https:\/\/the85store.com\/wp-content\/uploads\/2025\/07\/IMG_3833-scaled-416x624.jpg 416w, https:\/\/the85store.com\/wp-content\/uploads\/2025\/07\/IMG_3833-683x1024.jpg 683w, https:\/\/the85store.com\/wp-content\/uploads\/2025\/07\/IMG_3833-768x1152.jpg 768w, https:\/\/the85store.com\/wp-content\/uploads\/2025\/07\/IMG_3833-1024x1536.jpg 1024w, https:\/\/the85store.com\/wp-content\/uploads\/2025\/07\/IMG_3833-1365x2048.jpg 1365w, https:\/\/the85store.com\/wp-content\/uploads\/2025\/07\/IMG_3833-scaled.jpg 1707w\" sizes=\"auto, (max-width: 200px) 100vw, 200px\" \/> <img loading=\"lazy\" decoding=\"async\" class=\"alignnone size-medium wp-image-343 alignleft\" src=\"https:\/\/the85store.com\/wp-content\/uploads\/2025\/07\/IMG_4061-1-200x300.jpg\" alt=\"\" width=\"200\" height=\"300\" srcset=\"https:\/\/the85store.com\/wp-content\/uploads\/2025\/07\/IMG_4061-1-200x300.jpg 200w, https:\/\/the85store.com\/wp-content\/uploads\/2025\/07\/IMG_4061-1-scaled-416x624.jpg 416w, https:\/\/the85store.com\/wp-content\/uploads\/2025\/07\/IMG_4061-1-683x1024.jpg 683w, https:\/\/the85store.com\/wp-content\/uploads\/2025\/07\/IMG_4061-1-768x1152.jpg 768w, https:\/\/the85store.com\/wp-content\/uploads\/2025\/07\/IMG_4061-1-1024x1536.jpg 1024w, https:\/\/the85store.com\/wp-content\/uploads\/2025\/07\/IMG_4061-1-1365x2048.jpg 1365w, https:\/\/the85store.com\/wp-content\/uploads\/2025\/07\/IMG_4061-1-scaled.jpg 1707w\" sizes=\"auto, (max-width: 200px) 100vw, 200px\" \/><\/p>","protected":false},"excerpt":{"rendered":"<p>V\u00e1y c\u1ed5 tr\u00f2n d\u00e0i \u0111\u1ebfn \u0111\u1ea7u g\u1ed1i kh\u00f4ng tay.<\/p>","protected":false},"featured_media":338,"comment_status":"open","ping_status":"closed","template":"","meta":[],"product_brand":[],"product_cat":[46,36],"product_tag":[],"class_list":{"0":"post-337","1":"product","2":"type-product","3":"status-publish","4":"has-post-thumbnail","6":"product_cat-dresses","7":"product_cat-womens","8":"pa_colour-beige","9":"pa_colour-black","10":"pa_colour-blue","11":"pa_colour-green","12":"pa_colour-pink","13":"pa_colour-white","15":"first","16":"instock","17":"sale","18":"shipping-taxable","19":"purchasable","20":"product-type-variable"},"jetpack_sharing_enabled":true,"_links":{"self":[{"href":"https:\/\/the85store.com\/vi\/wp-json\/wp\/v2\/product\/337","targetHints":{"allow":["GET"]}}],"collection":[{"href":"https:\/\/the85store.com\/vi\/wp-json\/wp\/v2\/product"}],"about":[{"href":"https:\/\/the85store.com\/vi\/wp-json\/wp\/v2\/types\/product"}],"replies":[{"embeddable":true,"href":"https:\/\/the85store.com\/vi\/wp-json\/wp\/v2\/comments?post=337"}],"wp:featuredmedia":[{"embeddable":true,"href":"https:\/\/the85store.com\/vi\/wp-json\/wp\/v2\/media\/338"}],"wp:attachment":[{"href":"https:\/\/the85store.com\/vi\/wp-json\/wp\/v2\/media?parent=337"}],"wp:term":[{"taxonomy":"product_brand","embeddable":true,"href":"https:\/\/the85store.com\/vi\/wp-json\/wp\/v2\/product_brand?post=337"},{"taxonomy":"product_cat","embeddable":true,"href":"https:\/\/the85store.com\/vi\/wp-json\/wp\/v2\/product_cat?post=337"},{"taxonomy":"product_tag","embeddable":true,"href":"https:\/\/the85store.com\/vi\/wp-json\/wp\/v2\/product_tag?post=337"}],"curies":[{"name":"wp","href":"https:\/\/api.w.org\/{rel}","templated":true}]}}