{"id":314,"date":"2025-07-31T01:28:35","date_gmt":"2025-07-31T01:28:35","guid":{"rendered":"https:\/\/spiralproducts.com.my\/the85\/?post_type=product&#038;p=314"},"modified":"2025-10-19T00:32:44","modified_gmt":"2025-10-19T00:32:44","slug":"womens-bra-top-copy","status":"publish","type":"product","link":"https:\/\/the85store.com\/vi\/san-pham\/womens-bra-top-copy\/","title":{"rendered":"\u00c1o s\u01a1 mi n\u1eef tay d\u00e0i c\u00e0i n\u00fat"},"content":{"rendered":"<p>\u00c1o ng\u1ef1c v\u1ea3i lanh thanh l\u1ecbch.<\/p>\n<p><img loading=\"lazy\" decoding=\"async\" class=\"alignnone size-medium wp-image-333 alignleft\" src=\"https:\/\/the85store.com\/wp-content\/uploads\/2025\/07\/IMG_3581-200x300.jpg\" alt=\"\" width=\"200\" height=\"300\" srcset=\"https:\/\/the85store.com\/wp-content\/uploads\/2025\/07\/IMG_3581-200x300.jpg 200w, https:\/\/the85store.com\/wp-content\/uploads\/2025\/07\/IMG_3581-scaled-416x624.jpg 416w, https:\/\/the85store.com\/wp-content\/uploads\/2025\/07\/IMG_3581-683x1024.jpg 683w, https:\/\/the85store.com\/wp-content\/uploads\/2025\/07\/IMG_3581-768x1152.jpg 768w, https:\/\/the85store.com\/wp-content\/uploads\/2025\/07\/IMG_3581-1024x1536.jpg 1024w, https:\/\/the85store.com\/wp-content\/uploads\/2025\/07\/IMG_3581-1365x2048.jpg 1365w, https:\/\/the85store.com\/wp-content\/uploads\/2025\/07\/IMG_3581-scaled.jpg 1707w\" sizes=\"auto, (max-width: 200px) 100vw, 200px\" \/> <img loading=\"lazy\" decoding=\"async\" class=\"alignleft wp-image-336 size-medium\" src=\"https:\/\/the85store.com\/wp-content\/uploads\/2025\/07\/20250702_110045-scaled-e1754790540372-179x300.jpg\" alt=\"\" width=\"179\" height=\"300\" srcset=\"https:\/\/the85store.com\/wp-content\/uploads\/2025\/07\/20250702_110045-scaled-e1754790540372-179x300.jpg 179w, https:\/\/the85store.com\/wp-content\/uploads\/2025\/07\/20250702_110045-scaled-e1754790540372-416x696.jpg 416w, https:\/\/the85store.com\/wp-content\/uploads\/2025\/07\/20250702_110045-scaled-e1754790540372-7x12.jpg 7w, https:\/\/the85store.com\/wp-content\/uploads\/2025\/07\/20250702_110045-scaled-e1754790540372.jpg 556w\" sizes=\"auto, (max-width: 179px) 100vw, 179px\" \/><img loading=\"lazy\" decoding=\"async\" class=\"alignleft wp-image-335 size-medium\" src=\"https:\/\/the85store.com\/wp-content\/uploads\/2025\/07\/20250702_105917-scaled-e1754790634401-169x300.jpg\" alt=\"\" width=\"169\" height=\"300\" srcset=\"https:\/\/the85store.com\/wp-content\/uploads\/2025\/07\/20250702_105917-scaled-e1754790634401-169x300.jpg 169w, https:\/\/the85store.com\/wp-content\/uploads\/2025\/07\/20250702_105917-scaled-e1754790634401-416x737.jpg 416w, https:\/\/the85store.com\/wp-content\/uploads\/2025\/07\/20250702_105917-scaled-e1754790634401-578x1024.jpg 578w, https:\/\/the85store.com\/wp-content\/uploads\/2025\/07\/20250702_105917-scaled-e1754790634401-7x12.jpg 7w, https:\/\/the85store.com\/wp-content\/uploads\/2025\/07\/20250702_105917-scaled-e1754790634401.jpg 734w\" sizes=\"auto, (max-width: 169px) 100vw, 169px\" \/><img loading=\"lazy\" decoding=\"async\" class=\"alignnone size-medium wp-image-334 alignleft\" src=\"https:\/\/the85store.com\/wp-content\/uploads\/2025\/07\/IMG_3579-200x300.jpg\" alt=\"\" width=\"200\" height=\"300\" srcset=\"https:\/\/the85store.com\/wp-content\/uploads\/2025\/07\/IMG_3579-200x300.jpg 200w, https:\/\/the85store.com\/wp-content\/uploads\/2025\/07\/IMG_3579-scaled-416x624.jpg 416w, https:\/\/the85store.com\/wp-content\/uploads\/2025\/07\/IMG_3579-683x1024.jpg 683w, https:\/\/the85store.com\/wp-content\/uploads\/2025\/07\/IMG_3579-768x1152.jpg 768w, https:\/\/the85store.com\/wp-content\/uploads\/2025\/07\/IMG_3579-1024x1536.jpg 1024w, https:\/\/the85store.com\/wp-content\/uploads\/2025\/07\/IMG_3579-1365x2048.jpg 1365w, https:\/\/the85store.com\/wp-content\/uploads\/2025\/07\/IMG_3579-scaled.jpg 1707w\" sizes=\"auto, (max-width: 200px) 100vw, 200px\" \/> <img loading=\"lazy\" decoding=\"async\" class=\"alignnone size-medium wp-image-264 alignleft\" src=\"https:\/\/the85store.com\/wp-content\/uploads\/2025\/07\/IMG_3585-1-200x300.jpg\" alt=\"\" width=\"200\" height=\"300\" srcset=\"https:\/\/the85store.com\/wp-content\/uploads\/2025\/07\/IMG_3585-1-200x300.jpg 200w, https:\/\/the85store.com\/wp-content\/uploads\/2025\/07\/IMG_3585-1-scaled-416x624.jpg 416w, https:\/\/the85store.com\/wp-content\/uploads\/2025\/07\/IMG_3585-1-683x1024.jpg 683w, https:\/\/the85store.com\/wp-content\/uploads\/2025\/07\/IMG_3585-1-768x1152.jpg 768w, https:\/\/the85store.com\/wp-content\/uploads\/2025\/07\/IMG_3585-1-1024x1536.jpg 1024w, https:\/\/the85store.com\/wp-content\/uploads\/2025\/07\/IMG_3585-1-1365x2048.jpg 1365w, https:\/\/the85store.com\/wp-content\/uploads\/2025\/07\/IMG_3585-1-scaled.jpg 1707w\" sizes=\"auto, (max-width: 200px) 100vw, 200px\" \/> <img loading=\"lazy\" decoding=\"async\" class=\"alignnone size-medium wp-image-263 alignleft\" src=\"https:\/\/the85store.com\/wp-content\/uploads\/2025\/07\/IMG_3582-200x300.jpg\" alt=\"\" width=\"200\" height=\"300\" srcset=\"https:\/\/the85store.com\/wp-content\/uploads\/2025\/07\/IMG_3582-200x300.jpg 200w, https:\/\/the85store.com\/wp-content\/uploads\/2025\/07\/IMG_3582-scaled-416x624.jpg 416w, https:\/\/the85store.com\/wp-content\/uploads\/2025\/07\/IMG_3582-683x1024.jpg 683w, https:\/\/the85store.com\/wp-content\/uploads\/2025\/07\/IMG_3582-768x1152.jpg 768w, https:\/\/the85store.com\/wp-content\/uploads\/2025\/07\/IMG_3582-1024x1536.jpg 1024w, https:\/\/the85store.com\/wp-content\/uploads\/2025\/07\/IMG_3582-1365x2048.jpg 1365w, https:\/\/the85store.com\/wp-content\/uploads\/2025\/07\/IMG_3582-scaled.jpg 1707w\" sizes=\"auto, (max-width: 200px) 100vw, 200px\" \/><\/p>\n<p>&nbsp;<\/p>","protected":false},"excerpt":{"rendered":"<p>\u00c1o s\u01a1 mi n\u1eef tay d\u00e0i c\u00e0i n\u00fat<\/p>","protected":false},"featured_media":333,"comment_status":"open","ping_status":"closed","template":"","meta":[],"product_brand":[],"product_cat":[37,36],"product_tag":[],"class_list":{"0":"post-314","1":"product","2":"type-product","3":"status-publish","4":"has-post-thumbnail","6":"product_cat-tops","7":"product_cat-womens","8":"pa_colour-beige","9":"pa_colour-black","10":"pa_colour-white","12":"first","13":"instock","14":"sale","15":"shipping-taxable","16":"purchasable","17":"product-type-variable"},"jetpack_sharing_enabled":true,"_links":{"self":[{"href":"https:\/\/the85store.com\/vi\/wp-json\/wp\/v2\/product\/314","targetHints":{"allow":["GET"]}}],"collection":[{"href":"https:\/\/the85store.com\/vi\/wp-json\/wp\/v2\/product"}],"about":[{"href":"https:\/\/the85store.com\/vi\/wp-json\/wp\/v2\/types\/product"}],"replies":[{"embeddable":true,"href":"https:\/\/the85store.com\/vi\/wp-json\/wp\/v2\/comments?post=314"}],"wp:featuredmedia":[{"embeddable":true,"href":"https:\/\/the85store.com\/vi\/wp-json\/wp\/v2\/media\/333"}],"wp:attachment":[{"href":"https:\/\/the85store.com\/vi\/wp-json\/wp\/v2\/media?parent=314"}],"wp:term":[{"taxonomy":"product_brand","embeddable":true,"href":"https:\/\/the85store.com\/vi\/wp-json\/wp\/v2\/product_brand?post=314"},{"taxonomy":"product_cat","embeddable":true,"href":"https:\/\/the85store.com\/vi\/wp-json\/wp\/v2\/product_cat?post=314"},{"taxonomy":"product_tag","embeddable":true,"href":"https:\/\/the85store.com\/vi\/wp-json\/wp\/v2\/product_tag?post=314"}],"curies":[{"name":"wp","href":"https:\/\/api.w.org\/{rel}","templated":true}]}}