{"id":293,"date":"2025-07-31T00:48:46","date_gmt":"2025-07-31T00:48:46","guid":{"rendered":"https:\/\/spiralproducts.com.my\/the85\/?post_type=product&#038;p=293"},"modified":"2025-10-19T00:35:25","modified_gmt":"2025-10-19T00:35:25","slug":"womens-rear-button-no-sleave-top","status":"publish","type":"product","link":"https:\/\/the85store.com\/vi\/san-pham\/womens-rear-button-no-sleave-top\/","title":{"rendered":"\u00c1o kh\u00f4ng tay c\u00e0i n\u00fat sau cho n\u1eef"},"content":{"rendered":"<p>\u00c1o ng\u1ef1c v\u1ea3i lanh thanh l\u1ecbch.<\/p>\n<p><img loading=\"lazy\" decoding=\"async\" class=\"alignnone size-medium wp-image-89 alignleft\" src=\"https:\/\/the85store.com\/wp-content\/uploads\/2025\/07\/IMG_3720-200x300.jpg\" alt=\"\" width=\"200\" height=\"300\" srcset=\"https:\/\/the85store.com\/wp-content\/uploads\/2025\/07\/IMG_3720-200x300.jpg 200w, https:\/\/the85store.com\/wp-content\/uploads\/2025\/07\/IMG_3720-scaled-416x624.jpg 416w, https:\/\/the85store.com\/wp-content\/uploads\/2025\/07\/IMG_3720-683x1024.jpg 683w, https:\/\/the85store.com\/wp-content\/uploads\/2025\/07\/IMG_3720-768x1152.jpg 768w, https:\/\/the85store.com\/wp-content\/uploads\/2025\/07\/IMG_3720-1024x1536.jpg 1024w, https:\/\/the85store.com\/wp-content\/uploads\/2025\/07\/IMG_3720-1365x2048.jpg 1365w, https:\/\/the85store.com\/wp-content\/uploads\/2025\/07\/IMG_3720-scaled.jpg 1707w\" sizes=\"auto, (max-width: 200px) 100vw, 200px\" \/> <img loading=\"lazy\" decoding=\"async\" class=\"alignnone size-medium wp-image-312 alignleft\" src=\"https:\/\/the85store.com\/wp-content\/uploads\/2025\/07\/IMG_3723-200x300.jpg\" alt=\"\" width=\"200\" height=\"300\" srcset=\"https:\/\/the85store.com\/wp-content\/uploads\/2025\/07\/IMG_3723-200x300.jpg 200w, https:\/\/the85store.com\/wp-content\/uploads\/2025\/07\/IMG_3723-scaled-416x624.jpg 416w, https:\/\/the85store.com\/wp-content\/uploads\/2025\/07\/IMG_3723-683x1024.jpg 683w, https:\/\/the85store.com\/wp-content\/uploads\/2025\/07\/IMG_3723-768x1152.jpg 768w, https:\/\/the85store.com\/wp-content\/uploads\/2025\/07\/IMG_3723-1024x1536.jpg 1024w, https:\/\/the85store.com\/wp-content\/uploads\/2025\/07\/IMG_3723-1365x2048.jpg 1365w, https:\/\/the85store.com\/wp-content\/uploads\/2025\/07\/IMG_3723-scaled.jpg 1707w\" sizes=\"auto, (max-width: 200px) 100vw, 200px\" \/><img loading=\"lazy\" decoding=\"async\" class=\"alignleft wp-image-313 size-medium\" src=\"https:\/\/the85store.com\/wp-content\/uploads\/2025\/07\/20250702_103104-scaled-e1754790247874-166x300.jpg\" alt=\"\" width=\"166\" height=\"300\" srcset=\"https:\/\/the85store.com\/wp-content\/uploads\/2025\/07\/20250702_103104-scaled-e1754790247874-166x300.jpg 166w, https:\/\/the85store.com\/wp-content\/uploads\/2025\/07\/20250702_103104-scaled-e1754790247874-416x752.jpg 416w, https:\/\/the85store.com\/wp-content\/uploads\/2025\/07\/20250702_103104-scaled-e1754790247874-7x12.jpg 7w, https:\/\/the85store.com\/wp-content\/uploads\/2025\/07\/20250702_103104-scaled-e1754790247874.jpg 532w\" sizes=\"auto, (max-width: 166px) 100vw, 166px\" \/><\/p>\n<p>&nbsp;<\/p>","protected":false},"excerpt":{"rendered":"<p>\u00c1o n\u1eef thanh l\u1ecbch, kh\u00f4ng tay, c\u00e0i n\u00fat sau.<\/p>","protected":false},"featured_media":312,"comment_status":"open","ping_status":"closed","template":"","meta":[],"product_brand":[],"product_cat":[37,36],"product_tag":[],"class_list":{"0":"post-293","1":"product","2":"type-product","3":"status-publish","4":"has-post-thumbnail","6":"product_cat-tops","7":"product_cat-womens","8":"pa_colour-beige","9":"pa_colour-black","10":"pa_colour-white","12":"first","13":"instock","14":"sale","15":"shipping-taxable","16":"purchasable","17":"product-type-variable"},"jetpack_sharing_enabled":true,"_links":{"self":[{"href":"https:\/\/the85store.com\/vi\/wp-json\/wp\/v2\/product\/293","targetHints":{"allow":["GET"]}}],"collection":[{"href":"https:\/\/the85store.com\/vi\/wp-json\/wp\/v2\/product"}],"about":[{"href":"https:\/\/the85store.com\/vi\/wp-json\/wp\/v2\/types\/product"}],"replies":[{"embeddable":true,"href":"https:\/\/the85store.com\/vi\/wp-json\/wp\/v2\/comments?post=293"}],"wp:featuredmedia":[{"embeddable":true,"href":"https:\/\/the85store.com\/vi\/wp-json\/wp\/v2\/media\/312"}],"wp:attachment":[{"href":"https:\/\/the85store.com\/vi\/wp-json\/wp\/v2\/media?parent=293"}],"wp:term":[{"taxonomy":"product_brand","embeddable":true,"href":"https:\/\/the85store.com\/vi\/wp-json\/wp\/v2\/product_brand?post=293"},{"taxonomy":"product_cat","embeddable":true,"href":"https:\/\/the85store.com\/vi\/wp-json\/wp\/v2\/product_cat?post=293"},{"taxonomy":"product_tag","embeddable":true,"href":"https:\/\/the85store.com\/vi\/wp-json\/wp\/v2\/product_tag?post=293"}],"curies":[{"name":"wp","href":"https:\/\/api.w.org\/{rel}","templated":true}]}}