{"id":2,"date":"2025-06-26T04:55:16","date_gmt":"2025-06-26T04:55:16","guid":{"rendered":"https:\/\/spiralproducts.com.my\/the85\/?page_id=2"},"modified":"2025-08-09T10:51:13","modified_gmt":"2025-08-09T10:51:13","slug":"about-the-85","status":"publish","type":"page","link":"https:\/\/the85store.com\/vi\/about-the-85\/","title":{"rendered":"Gi\u1edbi thi\u1ec7u v\u1ec1 The85\u2032"},"content":{"rendered":"<p><strong>C\u00e2u chuy\u1ec7n c\u1ee7a ch\u00fang t\u00f4i: The 85 \u2013 H\u00e0nh tr\u00ecnh xuy\u00ean Tr\u00e1i \u0110\u1ea5t v\u00e0 S\u1ef1 thanh l\u1ecbch<\/strong><\/p>\n\n\n\n<p>Con s\u1ed1 85 kh\u00f4ng ch\u1ec9 l\u00e0 m\u1ed9t c\u00e1i t\u00ean\u2014m\u00e0 c\u00f2n l\u00e0 m\u1ed9t t\u1ea7m nh\u00ecn. N\u00f3 t\u01b0\u1ee3ng tr\u01b0ng cho d\u1ea3i \u0111\u1ea5t r\u1ed9ng l\u1edbn tr\u1ea3i d\u00e0i t\u1eeb v\u0129 tuy\u1ebfn 85 B\u1eafc \u0111\u1ebfn v\u0129 tuy\u1ebfn 85 Nam, t\u01b0\u1ee3ng tr\u01b0ng cho cam k\u1ebft c\u1ee7a ch\u00fang t\u00f4i trong vi\u1ec7c k\u1ebft h\u1ee3p v\u1ebb \u0111\u1eb9p t\u1ef1 nhi\u00ean tr\u00ean kh\u1eafp th\u1ebf gi\u1edbi. T\u1ea7m \u1ea3nh h\u01b0\u1edfng r\u1ed9ng l\u1edbn n\u00e0y truy\u1ec1n c\u1ea3m h\u1ee9ng cho t\u1eebng s\u1ee3i ch\u1ec9 v\u00e0 ki\u1ec3u d\u1ec7t trong c\u00e1c b\u1ed9 s\u01b0u t\u1eadp v\u1ea3i lanh c\u1ee7a ch\u00fang t\u00f4i.<\/p>\n\n\n\n<p>Th\u01b0\u01a1ng hi\u1ec7u c\u1ee7a ch\u00fang t\u00f4i c\u0169ng mang \u0111\u1eadm d\u1ea5u \u1ea5n c\u00e1 nh\u00e2n: \u201c85\u201d l\u00e0 n\u0103m sinh c\u1ee7a m\u1ed9t trong nh\u1eefng nh\u00e0 s\u00e1ng l\u1eadp, ng\u01b0\u1eddi c\u00f3 v\u1ebb \u0111\u1eb9p gi\u1ea3n d\u1ecb v\u00e0 gu th\u1ea9m m\u1ef9 tinh t\u1ebf, truy\u1ec1n c\u1ea3m h\u1ee9ng cho c\u00e1c thi\u1ebft k\u1ebf c\u1ee7a ch\u00fang t\u00f4i. Ni\u1ec1m \u0111am m\u00ea c\u1ee7a b\u00e0 d\u00e0nh cho phong c\u00e1ch v\u01b0\u1ee3t th\u1eddi gian v\u00e0 ch\u1ea5t li\u1ec7u t\u1ef1 nhi\u00ean \u0111\u00e3 d\u1eabn d\u1eaft s\u1ee9 m\u1ec7nh c\u1ee7a ch\u00fang t\u00f4i, \u0111\u00f3 l\u00e0 t\u1ea1o ra nh\u1eefng s\u1ea3n ph\u1ea9m may m\u1eb7c b\u1eb1ng v\u1ea3i lanh v\u00e0 h\u00e0ng d\u1ec7t gia d\u1ee5ng v\u1eeba \u0111\u1eb9p m\u1eaft v\u1eeba b\u1ec1n v\u1eefng.<\/p>\n\n\n\n<p><strong>T\u1ea1i sao l\u1ea1i l\u00e0 v\u1ea3i lanh?<\/strong><br>V\u1ea3i lanh l\u00e0 m\u1ed9t lo\u1ea1i v\u1ea3i t\u1ef1 nhi\u00ean - b\u1ec1n, tho\u00e1ng kh\u00ed v\u00e0 th\u00e2n thi\u1ec7n v\u1edbi m\u00f4i tr\u01b0\u1eddng. V\u1ea3i lanh m\u1ec1m m\u1ea1i, b\u1ec1n m\u00e0u theo th\u1eddi gian, tr\u1edf n\u00ean m\u1ec1m m\u1ea1i h\u01a1n sau m\u1ed7i l\u1ea7n m\u1eb7c, \u0111\u1ed3ng th\u1eddi k\u1ebft n\u1ed1i ch\u00fang ta v\u1edbi truy\u1ec1n th\u1ed1ng v\u00e0 ngh\u1ec1 th\u1ee7 c\u00f4ng l\u00e2u \u0111\u1eddi. T\u1ea1i The 85, ch\u00fang t\u00f4i t\u00f4n vinh di s\u1ea3n n\u00e0y b\u1eb1ng c\u00e1ch ch\u1ec9 s\u1eed d\u1ee5ng lo\u1ea1i v\u1ea3i lanh h\u1ea3o h\u1ea1ng nh\u1ea5t v\u00e0 tuy\u1ec3n d\u1ee5ng nh\u1eefng ngh\u1ec7 nh\u00e2n l\u00e0nh ngh\u1ec1, nh\u1eefng ng\u01b0\u1eddi th\u1ed5i h\u1ed3n v\u00e0o t\u1eebng s\u1ea3n ph\u1ea9m m\u1ed9t c\u00e1ch t\u1ec9 m\u1ec9 v\u00e0 ch\u00ednh x\u00e1c.<\/p>\n\n\n\n<p><strong>Cam k\u1ebft c\u1ee7a ch\u00fang t\u00f4i<\/strong><\/p>\n\n\n\n<ul class=\"wp-block-list\">\n<li><strong>T\u00ednh b\u1ec1n v\u1eefng:<\/strong>\u00a0Ch\u00fang t\u00f4i \u01b0u ti\u00ean c\u00e1c ph\u01b0\u01a1ng ph\u00e1p s\u1ea3n xu\u1ea5t th\u00e2n thi\u1ec7n v\u1edbi m\u00f4i tr\u01b0\u1eddng, \u0111\u1ea3m b\u1ea3o v\u1ea3i lanh c\u1ee7a ch\u00fang t\u00f4i c\u00f3 ngu\u1ed3n g\u1ed1c v\u00e0 \u0111\u01b0\u1ee3c ch\u1ebf t\u00e1c m\u1ed9t c\u00e1ch c\u00f3 tr\u00e1ch nhi\u1ec7m.<\/li>\n\n\n\n<li><strong>Ch\u1ea5t l\u01b0\u1ee3ng:<\/strong>\u00a0M\u1ed7i lo\u1ea1i qu\u1ea7n \u00e1o v\u00e0 h\u00e0ng d\u1ec7t may \u0111\u1ec1u \u0111\u01b0\u1ee3c thi\u1ebft k\u1ebf \u0111\u1ec3 c\u00f3 \u0111\u1ed9 b\u1ec1n cao, tho\u1ea3i m\u00e1i v\u00e0 phong c\u00e1ch \u0111\u01a1n gi\u1ea3n.<\/li>\n\n\n\n<li><strong>S\u1ef1 li\u00ean quan:<\/strong>\u00a0Ch\u00fang t\u00f4i tin v\u00e0o t\u00ednh minh b\u1ea1ch v\u00e0 s\u1ef1 quan t\u00e2m c\u1ee7a con ng\u01b0\u1eddi \u0111\u1ebfn s\u1ea3n ph\u1ea9m c\u1ee7a m\u00ecnh, k\u1ebft n\u1ed1i b\u1ea1n v\u1edbi nh\u1eefng ng\u01b0\u1eddi t\u1ea1o ra s\u1ea3n ph\u1ea9m v\u1ea3i lanh cho b\u1ea1n.<\/li>\n<\/ul>\n\n\n\n<p>H\u00e3y c\u00f9ng ch\u00fang t\u00f4i b\u01b0\u1edbc v\u00e0o h\u00e0nh tr\u00ecnh kh\u00e1m ph\u00e1 v\u1ebb \u0111\u1eb9p t\u1ef1 nhi\u00ean v\u00e0 s\u1ef1 thanh l\u1ecbch b\u1ec1n v\u1eefng. Kh\u00e1m ph\u00e1 The 85 v\u00e0 tr\u1ea3i nghi\u1ec7m v\u1ea3i lanh tr\u1ea3i d\u00e0i kh\u1eafp th\u1ebf gi\u1edbi c\u00f9ng tinh th\u1ea7n gi\u1ea3n d\u1ecb.<\/p>","protected":false},"excerpt":{"rendered":"<p>C\u00e2u chuy\u1ec7n c\u1ee7a ch\u00fang t\u00f4i: The 85 \u2013 H\u00e0nh tr\u00ecnh xuy\u00ean Tr\u00e1i \u0110\u1ea5t v\u00e0 S\u1ef1 thanh l\u1ecbch The 85 kh\u00f4ng ch\u1ec9 l\u00e0 m\u1ed9t c\u00e1i t\u00ean\u2014m\u00e0 c\u00f2n l\u00e0 m\u1ed9t t\u1ea7m nh\u00ecn. N\u00f3 t\u01b0\u1ee3ng tr\u01b0ng cho d\u1ea3i \u0111\u1ea5t r\u1ed9ng l\u1edbn tr\u1ea3i d\u00e0i t\u1eeb v\u0129 tuy\u1ebfn 85 B\u1eafc \u0111\u1ebfn v\u0129 tuy\u1ebfn 85 Nam, t\u01b0\u1ee3ng tr\u01b0ng cho cam k\u1ebft c\u1ee7a ch\u00fang t\u00f4i trong vi\u1ec7c k\u1ebft h\u1ee3p v\u1ebb \u0111\u1eb9p t\u1ef1 nhi\u00ean tr\u00ean kh\u1eafp \u0111\u1ecba c\u1ea7u. T\u1ea7m nh\u00ecn r\u1ed9ng l\u1edbn n\u00e0y [\u2026]<\/p>","protected":false},"author":1,"featured_media":0,"parent":0,"menu_order":0,"comment_status":"closed","ping_status":"closed","template":"","meta":{"footnotes":""},"class_list":["post-2","page","type-page","status-publish","hentry"],"jetpack_sharing_enabled":true,"_links":{"self":[{"href":"https:\/\/the85store.com\/vi\/wp-json\/wp\/v2\/pages\/2","targetHints":{"allow":["GET"]}}],"collection":[{"href":"https:\/\/the85store.com\/vi\/wp-json\/wp\/v2\/pages"}],"about":[{"href":"https:\/\/the85store.com\/vi\/wp-json\/wp\/v2\/types\/page"}],"author":[{"embeddable":true,"href":"https:\/\/the85store.com\/vi\/wp-json\/wp\/v2\/users\/1"}],"replies":[{"embeddable":true,"href":"https:\/\/the85store.com\/vi\/wp-json\/wp\/v2\/comments?post=2"}],"version-history":[{"count":0,"href":"https:\/\/the85store.com\/vi\/wp-json\/wp\/v2\/pages\/2\/revisions"}],"wp:attachment":[{"href":"https:\/\/the85store.com\/vi\/wp-json\/wp\/v2\/media?parent=2"}],"curies":[{"name":"wp","href":"https:\/\/api.w.org\/{rel}","templated":true}]}}